{"id":177,"date":"2024-11-29T13:29:26","date_gmt":"2024-11-29T12:29:26","guid":{"rendered":"https:\/\/ocbat26.fr\/?page_id=177"},"modified":"2024-11-29T13:30:28","modified_gmt":"2024-11-29T12:30:28","slug":"traitement-tuiles","status":"publish","type":"page","link":"https:\/\/ocbat26.fr\/index.php\/traitement-tuiles\/","title":{"rendered":"Traitement Tuiles"},"content":{"rendered":"<div class=\"wp-block-image\">\n<figure class=\"alignright size-full\"><img loading=\"lazy\" decoding=\"async\" width=\"373\" height=\"275\" src=\"http:\/\/ocbat26.fr\/wp-content\/uploads\/2024\/11\/image-1.png\" alt=\"\" class=\"wp-image-133\" srcset=\"https:\/\/ocbat26.fr\/wp-content\/uploads\/2024\/11\/image-1.png 373w, https:\/\/ocbat26.fr\/wp-content\/uploads\/2024\/11\/image-1-300x221.png 300w\" sizes=\"auto, (max-width: 373px) 100vw, 373px\" \/><\/figure>\n<\/div>\n\n\n<h3 class=\"wp-block-heading\">Hydrofuge Color\u00e9 ou Incolore<\/h3>\n\n\n\n<div class=\"wp-block-group\"><div class=\"wp-block-group__inner-container is-layout-constrained wp-block-group-is-layout-constrained\">\n<p><em>L\u2019hydrofugation permet de r\u00e9duire la porosit\u00e9 des tuiles et am\u00e9liore l\u2019\u00e9tanch\u00e9it\u00e9 qui s\u2019est d\u00e9grad\u00e9e au fil du temps emp\u00eachant toute v\u00e9g\u00e9tation de pousser dessus.<\/em><\/p>\n\n\n\n<p><em>L\u2019hydrofuge donne une nouvelle jeunesse \u00e0 vos tuiles, color\u00e9 ou non en fonction de vos envies et vos besoins.<\/em><\/p>\n<\/div><\/div>\n\n\n\n<h3 class=\"wp-block-heading\">D\u00e9moussage<\/h3>\n\n\n\n<p><em>Le d\u00e9moussage bloque le d\u00e9veloppement des mousses et lichens&nbsp; et \u00e9vite ainsi les risques d\u2019infiltrations.<\/em><\/p>\n\n\n\n<div class=\"wp-block-group\"><div class=\"wp-block-group__inner-container is-layout-constrained wp-block-group-is-layout-constrained\"><\/div><\/div>\n\n\n\n<div class=\"wp-block-columns is-layout-flex wp-container-core-columns-is-layout-9d6595d7 wp-block-columns-is-layout-flex\">\n<div class=\"wp-block-column is-layout-flow wp-block-column-is-layout-flow\"><div class=\"wp-block-image\">\n<figure class=\"aligncenter size-large\"><img loading=\"lazy\" decoding=\"async\" width=\"1024\" height=\"461\" src=\"https:\/\/ocbat26.fr\/wp-content\/uploads\/2024\/11\/20231102_174847-1024x461.jpg\" alt=\"\" class=\"wp-image-178\" srcset=\"https:\/\/ocbat26.fr\/wp-content\/uploads\/2024\/11\/20231102_174847-1024x461.jpg 1024w, https:\/\/ocbat26.fr\/wp-content\/uploads\/2024\/11\/20231102_174847-300x135.jpg 300w, https:\/\/ocbat26.fr\/wp-content\/uploads\/2024\/11\/20231102_174847-768x346.jpg 768w, https:\/\/ocbat26.fr\/wp-content\/uploads\/2024\/11\/20231102_174847-1536x691.jpg 1536w, https:\/\/ocbat26.fr\/wp-content\/uploads\/2024\/11\/20231102_174847-2048x922.jpg 2048w\" sizes=\"auto, (max-width: 1024px) 100vw, 1024px\" \/><\/figure>\n<\/div><\/div>\n\n\n\n<div class=\"wp-block-column is-layout-flow wp-block-column-is-layout-flow\"><div class=\"wp-block-image\">\n<figure class=\"aligncenter size-large\"><img loading=\"lazy\" decoding=\"async\" width=\"768\" height=\"1024\" src=\"http:\/\/ocbat26.fr\/wp-content\/uploads\/2024\/11\/20240216_181749-768x1024.jpg\" alt=\"\" class=\"wp-image-127\" srcset=\"https:\/\/ocbat26.fr\/wp-content\/uploads\/2024\/11\/20240216_181749-768x1024.jpg 768w, https:\/\/ocbat26.fr\/wp-content\/uploads\/2024\/11\/20240216_181749-225x300.jpg 225w, https:\/\/ocbat26.fr\/wp-content\/uploads\/2024\/11\/20240216_181749-1152x1536.jpg 1152w, https:\/\/ocbat26.fr\/wp-content\/uploads\/2024\/11\/20240216_181749-1536x2048.jpg 1536w, https:\/\/ocbat26.fr\/wp-content\/uploads\/2024\/11\/20240216_181749-scaled.jpg 1920w\" sizes=\"auto, (max-width: 768px) 100vw, 768px\" \/><\/figure>\n<\/div><\/div>\n\n\n\n<div class=\"wp-block-column is-layout-flow wp-block-column-is-layout-flow\"><div class=\"wp-block-image\">\n<figure class=\"aligncenter size-large\"><img loading=\"lazy\" decoding=\"async\" width=\"768\" height=\"1024\" src=\"https:\/\/ocbat26.fr\/wp-content\/uploads\/2024\/11\/20240117_141312-768x1024.jpg\" alt=\"\" class=\"wp-image-179\" srcset=\"https:\/\/ocbat26.fr\/wp-content\/uploads\/2024\/11\/20240117_141312-768x1024.jpg 768w, https:\/\/ocbat26.fr\/wp-content\/uploads\/2024\/11\/20240117_141312-225x300.jpg 225w, https:\/\/ocbat26.fr\/wp-content\/uploads\/2024\/11\/20240117_141312-1152x1536.jpg 1152w, https:\/\/ocbat26.fr\/wp-content\/uploads\/2024\/11\/20240117_141312-1536x2048.jpg 1536w, https:\/\/ocbat26.fr\/wp-content\/uploads\/2024\/11\/20240117_141312-scaled.jpg 1920w\" sizes=\"auto, (max-width: 768px) 100vw, 768px\" \/><\/figure>\n<\/div><\/div>\n<\/div>\n\n\n\n<p><\/p>\n","protected":false},"excerpt":{"rendered":"<p>Hydrofuge Color\u00e9 ou Incolore L\u2019hydrofugation permet de r\u00e9duire la porosit\u00e9 des tuiles et am\u00e9liore l\u2019\u00e9tanch\u00e9it\u00e9 qui s\u2019est d\u00e9grad\u00e9e au fil du temps emp\u00eachant toute v\u00e9g\u00e9tation de pousser dessus. L\u2019hydrofuge donne une nouvelle jeunesse \u00e0 vos tuiles, color\u00e9 ou non en fonction de vos envies et vos besoins. D\u00e9moussage Le d\u00e9moussage bloque le d\u00e9veloppement des mousses&hellip;&nbsp;<a href=\"https:\/\/ocbat26.fr\/index.php\/traitement-tuiles\/\" rel=\"bookmark\">Lire la suite &raquo;<span class=\"screen-reader-text\">Traitement Tuiles<\/span><\/a><\/p>\n","protected":false},"author":1,"featured_media":0,"parent":0,"menu_order":0,"comment_status":"closed","ping_status":"closed","template":"","meta":{"neve_meta_sidebar":"","neve_meta_container":"","neve_meta_enable_content_width":"","neve_meta_content_width":0,"neve_meta_title_alignment":"","neve_meta_author_avatar":"","neve_post_elements_order":"","neve_meta_disable_header":"","neve_meta_disable_footer":"","neve_meta_disable_title":"","footnotes":""},"class_list":["post-177","page","type-page","status-publish","hentry"],"_links":{"self":[{"href":"https:\/\/ocbat26.fr\/index.php\/wp-json\/wp\/v2\/pages\/177","targetHints":{"allow":["GET"]}}],"collection":[{"href":"https:\/\/ocbat26.fr\/index.php\/wp-json\/wp\/v2\/pages"}],"about":[{"href":"https:\/\/ocbat26.fr\/index.php\/wp-json\/wp\/v2\/types\/page"}],"author":[{"embeddable":true,"href":"https:\/\/ocbat26.fr\/index.php\/wp-json\/wp\/v2\/users\/1"}],"replies":[{"embeddable":true,"href":"https:\/\/ocbat26.fr\/index.php\/wp-json\/wp\/v2\/comments?post=177"}],"version-history":[{"count":2,"href":"https:\/\/ocbat26.fr\/index.php\/wp-json\/wp\/v2\/pages\/177\/revisions"}],"predecessor-version":[{"id":181,"href":"https:\/\/ocbat26.fr\/index.php\/wp-json\/wp\/v2\/pages\/177\/revisions\/181"}],"wp:attachment":[{"href":"https:\/\/ocbat26.fr\/index.php\/wp-json\/wp\/v2\/media?parent=177"}],"curies":[{"name":"wp","href":"https:\/\/api.w.org\/{rel}","templated":true}]}}