{"id":164,"date":"2024-11-29T12:52:27","date_gmt":"2024-11-29T11:52:27","guid":{"rendered":"https:\/\/ocbat26.fr\/?page_id=164"},"modified":"2024-11-29T13:07:05","modified_gmt":"2024-11-29T12:07:05","slug":"traitement-charpente-tuiles","status":"publish","type":"page","link":"https:\/\/ocbat26.fr\/index.php\/traitement-charpente-tuiles\/","title":{"rendered":"Traitement Charpente"},"content":{"rendered":"<div class=\"wp-block-image\">\n<figure class=\"alignright size-full\"><img loading=\"lazy\" decoding=\"async\" width=\"373\" height=\"275\" src=\"http:\/\/ocbat26.fr\/wp-content\/uploads\/2024\/11\/image-1.png\" alt=\"\" class=\"wp-image-133\" srcset=\"https:\/\/ocbat26.fr\/wp-content\/uploads\/2024\/11\/image-1.png 373w, https:\/\/ocbat26.fr\/wp-content\/uploads\/2024\/11\/image-1-300x221.png 300w\" sizes=\"auto, (max-width: 373px) 100vw, 373px\" \/><\/figure>\n<\/div>\n\n\n<h3 class=\"wp-block-heading\">Traitement Charpente<\/h3>\n\n\n\n<h5 class=\"wp-block-heading\">Pr\u00e9ventif et Curatif<\/h5>\n\n\n\n<ul class=\"wp-block-list\">\n<li><strong>Par Injection : <\/strong><\/li>\n<\/ul>\n\n\n\n<p><em>Le traitement par injection permet de traiter en profondeur (parasites, champignons\u2026), cette m\u00e9thode est particuli\u00e8rement efficace lorsque le bois est d\u00e9j\u00e0 infest\u00e9<\/em><\/p>\n\n\n\n<ul class=\"wp-block-list\">\n<li><strong>Par Pulv\u00e9risation :<\/strong><\/li>\n<\/ul>\n\n\n\n<p><em>Le traitement par pulv\u00e9risation permet de prot\u00e9ger le bois contre les attaques futures des parasites, champignons\u2026<\/em><\/p>\n\n\n\n<figure class=\"wp-block-image size-large\"><img loading=\"lazy\" decoding=\"async\" width=\"1024\" height=\"768\" src=\"https:\/\/ocbat26.fr\/wp-content\/uploads\/2024\/11\/20231025_144214-1024x768.jpg\" alt=\"\" class=\"wp-image-165\" srcset=\"https:\/\/ocbat26.fr\/wp-content\/uploads\/2024\/11\/20231025_144214-1024x768.jpg 1024w, https:\/\/ocbat26.fr\/wp-content\/uploads\/2024\/11\/20231025_144214-300x225.jpg 300w, https:\/\/ocbat26.fr\/wp-content\/uploads\/2024\/11\/20231025_144214-768x576.jpg 768w, https:\/\/ocbat26.fr\/wp-content\/uploads\/2024\/11\/20231025_144214-1536x1152.jpg 1536w, https:\/\/ocbat26.fr\/wp-content\/uploads\/2024\/11\/20231025_144214-2048x1536.jpg 2048w\" sizes=\"auto, (max-width: 1024px) 100vw, 1024px\" \/><\/figure>\n\n\n<div class=\"wp-block-image\">\n<figure class=\"aligncenter size-full\"><img loading=\"lazy\" decoding=\"async\" width=\"191\" height=\"71\" src=\"http:\/\/ocbat26.fr\/wp-content\/uploads\/2024\/11\/image-4.png\" alt=\"\" class=\"wp-image-136\"\/><\/figure>\n<\/div>\n\n<div class=\"wp-block-image\">\n<figure class=\"aligncenter size-full is-resized\"><img loading=\"lazy\" decoding=\"async\" width=\"241\" height=\"214\" src=\"http:\/\/ocbat26.fr\/wp-content\/uploads\/2024\/11\/image-5.png\" alt=\"\" class=\"wp-image-137\" style=\"width:108px;height:auto\"\/><\/figure>\n<\/div>\n\n\n<p><\/p>\n","protected":false},"excerpt":{"rendered":"<p>Traitement Charpente Pr\u00e9ventif et Curatif Le traitement par injection permet de traiter en profondeur (parasites, champignons\u2026), cette m\u00e9thode est particuli\u00e8rement efficace lorsque le bois est d\u00e9j\u00e0 infest\u00e9 Le traitement par pulv\u00e9risation permet de prot\u00e9ger le bois contre les attaques futures des parasites, champignons\u2026<\/p>\n","protected":false},"author":1,"featured_media":0,"parent":0,"menu_order":0,"comment_status":"closed","ping_status":"closed","template":"","meta":{"neve_meta_sidebar":"","neve_meta_container":"","neve_meta_enable_content_width":"","neve_meta_content_width":0,"neve_meta_title_alignment":"","neve_meta_author_avatar":"","neve_post_elements_order":"","neve_meta_disable_header":"","neve_meta_disable_footer":"","neve_meta_disable_title":"","footnotes":""},"class_list":["post-164","page","type-page","status-publish","hentry"],"_links":{"self":[{"href":"https:\/\/ocbat26.fr\/index.php\/wp-json\/wp\/v2\/pages\/164","targetHints":{"allow":["GET"]}}],"collection":[{"href":"https:\/\/ocbat26.fr\/index.php\/wp-json\/wp\/v2\/pages"}],"about":[{"href":"https:\/\/ocbat26.fr\/index.php\/wp-json\/wp\/v2\/types\/page"}],"author":[{"embeddable":true,"href":"https:\/\/ocbat26.fr\/index.php\/wp-json\/wp\/v2\/users\/1"}],"replies":[{"embeddable":true,"href":"https:\/\/ocbat26.fr\/index.php\/wp-json\/wp\/v2\/comments?post=164"}],"version-history":[{"count":2,"href":"https:\/\/ocbat26.fr\/index.php\/wp-json\/wp\/v2\/pages\/164\/revisions"}],"predecessor-version":[{"id":175,"href":"https:\/\/ocbat26.fr\/index.php\/wp-json\/wp\/v2\/pages\/164\/revisions\/175"}],"wp:attachment":[{"href":"https:\/\/ocbat26.fr\/index.php\/wp-json\/wp\/v2\/media?parent=164"}],"curies":[{"name":"wp","href":"https:\/\/api.w.org\/{rel}","templated":true}]}}