{"id":132,"date":"2024-11-29T11:11:52","date_gmt":"2024-11-29T10:11:52","guid":{"rendered":"https:\/\/ocbat26.fr\/?page_id=132"},"modified":"2024-11-29T12:38:22","modified_gmt":"2024-11-29T11:38:22","slug":"isolation","status":"publish","type":"page","link":"https:\/\/ocbat26.fr\/index.php\/isolation\/","title":{"rendered":"Isolation"},"content":{"rendered":"<div class=\"wp-block-image\">\n<figure class=\"alignright\"><img decoding=\"async\" src=\"https:\/\/ocbat26.fr\/wp-content\/uploads\/2024\/11\/image-1.png\" alt=\"L\u2019attribut alt de cette image est vide, son nom de fichier est image-1.png.\"\/><\/figure>\n<\/div>\n\n\n<p><strong><em>Combles Perdues<\/em><\/strong><\/p>\n\n\n\n<div class=\"wp-block-group\"><div class=\"wp-block-group__inner-container is-layout-constrained wp-block-group-is-layout-constrained\">\n<div class=\"wp-block-columns is-layout-flex wp-container-core-columns-is-layout-9d6595d7 wp-block-columns-is-layout-flex\">\n<div class=\"wp-block-column is-layout-flow wp-block-column-is-layout-flow\" style=\"flex-basis:100%\">\n<p>Isoler vos combles perdus ou refaire l\u2019isolation apr\u00e8s un certain nombre d\u2019ann\u00e9es est essentiel pour r\u00e9duire votre consommation d\u2019\u00e9nergie en hiver et vous tenir \u00e0 l\u2019\u00e9cart des fortes temp\u00e9ratures en \u00e9t\u00e9<br><\/p>\n\n\n<div class=\"wp-block-image\">\n<figure class=\"aligncenter size-large is-resized\"><img loading=\"lazy\" decoding=\"async\" width=\"768\" height=\"1024\" src=\"http:\/\/ocbat26.fr\/wp-content\/uploads\/2024\/11\/20240207_153711-768x1024.jpg\" alt=\"\" class=\"wp-image-138\" style=\"width:155px;height:auto\" srcset=\"https:\/\/ocbat26.fr\/wp-content\/uploads\/2024\/11\/20240207_153711-768x1024.jpg 768w, https:\/\/ocbat26.fr\/wp-content\/uploads\/2024\/11\/20240207_153711-225x300.jpg 225w, https:\/\/ocbat26.fr\/wp-content\/uploads\/2024\/11\/20240207_153711-1152x1536.jpg 1152w, https:\/\/ocbat26.fr\/wp-content\/uploads\/2024\/11\/20240207_153711-1536x2048.jpg 1536w, https:\/\/ocbat26.fr\/wp-content\/uploads\/2024\/11\/20240207_153711-scaled.jpg 1920w\" sizes=\"auto, (max-width: 768px) 100vw, 768px\" \/><\/figure>\n<\/div><\/div>\n<\/div>\n<\/div><\/div>\n\n\n\n<p><strong><em>Sous Plancher<\/em><\/strong><\/p>\n\n\n\n<div class=\"wp-block-group\"><div class=\"wp-block-group__inner-container is-layout-constrained wp-block-group-is-layout-constrained\">\n<div class=\"wp-block-columns is-layout-flex wp-container-core-columns-is-layout-9d6595d7 wp-block-columns-is-layout-flex\">\n<div class=\"wp-block-column is-layout-flow wp-block-column-is-layout-flow\">\n<p>Isoler sous vos planchers vous permet de lutter contre le froid et les \u00e9ventuelles remont\u00e9es d\u2019humidit\u00e9 responsables de moisissures et autres bact\u00e9ries<br><\/p>\n\n\n<div class=\"wp-block-image\">\n<figure class=\"aligncenter size-large is-resized\"><img loading=\"lazy\" decoding=\"async\" width=\"1024\" height=\"768\" src=\"http:\/\/ocbat26.fr\/wp-content\/uploads\/2024\/11\/20240229_132821-1024x768.jpg\" alt=\"\" class=\"wp-image-126\" style=\"width:334px;height:auto\" srcset=\"https:\/\/ocbat26.fr\/wp-content\/uploads\/2024\/11\/20240229_132821-1024x768.jpg 1024w, https:\/\/ocbat26.fr\/wp-content\/uploads\/2024\/11\/20240229_132821-300x225.jpg 300w, https:\/\/ocbat26.fr\/wp-content\/uploads\/2024\/11\/20240229_132821-768x576.jpg 768w, https:\/\/ocbat26.fr\/wp-content\/uploads\/2024\/11\/20240229_132821-1536x1152.jpg 1536w, https:\/\/ocbat26.fr\/wp-content\/uploads\/2024\/11\/20240229_132821-2048x1536.jpg 2048w\" sizes=\"auto, (max-width: 1024px) 100vw, 1024px\" \/><\/figure>\n<\/div><\/div>\n<\/div>\n<\/div><\/div>\n\n\n<div class=\"wp-block-image\">\n<figure class=\"aligncenter size-full is-resized\"><img loading=\"lazy\" decoding=\"async\" width=\"191\" height=\"71\" src=\"https:\/\/ocbat26.fr\/wp-content\/uploads\/2024\/11\/image-4.png\" alt=\"\" class=\"wp-image-136\" style=\"width:116px;height:auto\"\/><\/figure>\n<\/div>\n\n<div class=\"wp-block-image\">\n<figure class=\"aligncenter size-full is-resized\"><img loading=\"lazy\" decoding=\"async\" width=\"241\" height=\"214\" src=\"https:\/\/ocbat26.fr\/wp-content\/uploads\/2024\/11\/image-5.png\" alt=\"\" class=\"wp-image-137\" style=\"width:111px;height:auto\"\/><\/figure>\n<\/div>\n\n\n<p><\/p>\n","protected":false},"excerpt":{"rendered":"<p>Combles Perdues Isoler vos combles perdus ou refaire l\u2019isolation apr\u00e8s un certain nombre d\u2019ann\u00e9es est essentiel pour r\u00e9duire votre consommation d\u2019\u00e9nergie en hiver et vous tenir \u00e0 l\u2019\u00e9cart des fortes temp\u00e9ratures en \u00e9t\u00e9 Sous Plancher Isoler sous vos planchers vous permet de lutter contre le froid et les \u00e9ventuelles remont\u00e9es d\u2019humidit\u00e9 responsables de moisissures et&hellip;&nbsp;<a href=\"https:\/\/ocbat26.fr\/index.php\/isolation\/\" rel=\"bookmark\">Lire la suite &raquo;<span class=\"screen-reader-text\">Isolation<\/span><\/a><\/p>\n","protected":false},"author":1,"featured_media":0,"parent":0,"menu_order":0,"comment_status":"closed","ping_status":"closed","template":"","meta":{"neve_meta_sidebar":"","neve_meta_container":"","neve_meta_enable_content_width":"","neve_meta_content_width":0,"neve_meta_title_alignment":"","neve_meta_author_avatar":"","neve_post_elements_order":"","neve_meta_disable_header":"","neve_meta_disable_footer":"","neve_meta_disable_title":"","footnotes":""},"class_list":["post-132","page","type-page","status-publish","hentry"],"_links":{"self":[{"href":"https:\/\/ocbat26.fr\/index.php\/wp-json\/wp\/v2\/pages\/132","targetHints":{"allow":["GET"]}}],"collection":[{"href":"https:\/\/ocbat26.fr\/index.php\/wp-json\/wp\/v2\/pages"}],"about":[{"href":"https:\/\/ocbat26.fr\/index.php\/wp-json\/wp\/v2\/types\/page"}],"author":[{"embeddable":true,"href":"https:\/\/ocbat26.fr\/index.php\/wp-json\/wp\/v2\/users\/1"}],"replies":[{"embeddable":true,"href":"https:\/\/ocbat26.fr\/index.php\/wp-json\/wp\/v2\/comments?post=132"}],"version-history":[{"count":2,"href":"https:\/\/ocbat26.fr\/index.php\/wp-json\/wp\/v2\/pages\/132\/revisions"}],"predecessor-version":[{"id":162,"href":"https:\/\/ocbat26.fr\/index.php\/wp-json\/wp\/v2\/pages\/132\/revisions\/162"}],"wp:attachment":[{"href":"https:\/\/ocbat26.fr\/index.php\/wp-json\/wp\/v2\/media?parent=132"}],"curies":[{"name":"wp","href":"https:\/\/api.w.org\/{rel}","templated":true}]}}